{"id":9,"date":"2025-03-25T22:24:34","date_gmt":"2025-03-25T21:24:34","guid":{"rendered":"https:\/\/www.ucetniproosvc.cz\/?page_id=9"},"modified":"2025-10-24T16:08:24","modified_gmt":"2025-10-24T14:08:24","slug":"elementor-9","status":"publish","type":"page","link":"https:\/\/www.ucetniproosvc.cz\/","title":{"rendered":"Elementor #9"},"content":{"rendered":"\t\t<div data-elementor-type=\"wp-post\" data-elementor-id=\"9\" class=\"elementor elementor-9\">\n\t\t\t\t<div class=\"elementor-element elementor-element-bb7668f e-flex e-con-boxed e-con e-parent\" data-id=\"bb7668f\" data-element_type=\"container\">\n\t\t\t\t\t<div class=\"e-con-inner\">\n\t\t\t\t<div class=\"elementor-element elementor-element-fddf2c9 elementor-icon-list--layout-inline elementor-list-item-link-full_width elementor-widget elementor-widget-icon-list\" data-id=\"fddf2c9\" data-element_type=\"widget\" data-widget_type=\"icon-list.default\">\n\t\t\t\t<div class=\"elementor-widget-container\">\n\t\t\t\t\t\t\t<ul class=\"elementor-icon-list-items elementor-inline-items\">\n\t\t\t\t\t\t\t<li class=\"elementor-icon-list-item elementor-inline-item\">\n\t\t\t\t\t\t\t\t\t\t\t<a href=\"#about\">\n\n\t\t\t\t\t\t\t\t\t\t\t\t<span class=\"elementor-icon-list-icon\">\n\t\t\t\t\t\t\t<svg aria-hidden=\"true\" class=\"e-font-icon-svg e-far-user\" viewBox=\"0 0 448 512\" xmlns=\"http:\/\/www.w3.org\/2000\/svg\"><path d=\"M313.6 304c-28.7 0-42.5 16-89.6 16-47.1 0-60.8-16-89.6-16C60.2 304 0 364.2 0 438.4V464c0 26.5 21.5 48 48 48h352c26.5 0 48-21.5 48-48v-25.6c0-74.2-60.2-134.4-134.4-134.4zM400 464H48v-25.6c0-47.6 38.8-86.4 86.4-86.4 14.6 0 38.3 16 89.6 16 51.7 0 74.9-16 89.6-16 47.6 0 86.4 38.8 86.4 86.4V464zM224 288c79.5 0 144-64.5 144-144S303.5 0 224 0 80 64.5 80 144s64.5 144 144 144zm0-240c52.9 0 96 43.1 96 96s-43.1 96-96 96-96-43.1-96-96 43.1-96 96-96z\"><\/path><\/svg>\t\t\t\t\t\t<\/span>\n\t\t\t\t\t\t\t\t\t\t<span class=\"elementor-icon-list-text\">O mn\u011b<\/span>\n\t\t\t\t\t\t\t\t\t\t\t<\/a>\n\t\t\t\t\t\t\t\t\t<\/li>\n\t\t\t\t\t\t\t\t<li class=\"elementor-icon-list-item elementor-inline-item\">\n\t\t\t\t\t\t\t\t\t\t\t<a href=\"#services\">\n\n\t\t\t\t\t\t\t\t\t\t\t\t<span class=\"elementor-icon-list-icon\">\n\t\t\t\t\t\t\t<svg aria-hidden=\"true\" class=\"e-font-icon-svg e-fas-list\" viewBox=\"0 0 512 512\" xmlns=\"http:\/\/www.w3.org\/2000\/svg\"><path d=\"M80 368H16a16 16 0 0 0-16 16v64a16 16 0 0 0 16 16h64a16 16 0 0 0 16-16v-64a16 16 0 0 0-16-16zm0-320H16A16 16 0 0 0 0 64v64a16 16 0 0 0 16 16h64a16 16 0 0 0 16-16V64a16 16 0 0 0-16-16zm0 160H16a16 16 0 0 0-16 16v64a16 16 0 0 0 16 16h64a16 16 0 0 0 16-16v-64a16 16 0 0 0-16-16zm416 176H176a16 16 0 0 0-16 16v32a16 16 0 0 0 16 16h320a16 16 0 0 0 16-16v-32a16 16 0 0 0-16-16zm0-320H176a16 16 0 0 0-16 16v32a16 16 0 0 0 16 16h320a16 16 0 0 0 16-16V80a16 16 0 0 0-16-16zm0 160H176a16 16 0 0 0-16 16v32a16 16 0 0 0 16 16h320a16 16 0 0 0 16-16v-32a16 16 0 0 0-16-16z\"><\/path><\/svg>\t\t\t\t\t\t<\/span>\n\t\t\t\t\t\t\t\t\t\t<span class=\"elementor-icon-list-text\">Slu\u017eby<\/span>\n\t\t\t\t\t\t\t\t\t\t\t<\/a>\n\t\t\t\t\t\t\t\t\t<\/li>\n\t\t\t\t\t\t\t\t<li class=\"elementor-icon-list-item elementor-inline-item\">\n\t\t\t\t\t\t\t\t\t\t\t<a href=\"#pricelist\">\n\n\t\t\t\t\t\t\t\t\t\t\t\t<span class=\"elementor-icon-list-icon\">\n\t\t\t\t\t\t\t<svg aria-hidden=\"true\" class=\"e-font-icon-svg e-fas-dollar-sign\" viewBox=\"0 0 288 512\" xmlns=\"http:\/\/www.w3.org\/2000\/svg\"><path d=\"M209.2 233.4l-108-31.6C88.7 198.2 80 186.5 80 173.5c0-16.3 13.2-29.5 29.5-29.5h66.3c12.2 0 24.2 3.7 34.2 10.5 6.1 4.1 14.3 3.1 19.5-2l34.8-34c7.1-6.9 6.1-18.4-1.8-24.5C238 74.8 207.4 64.1 176 64V16c0-8.8-7.2-16-16-16h-32c-8.8 0-16 7.2-16 16v48h-2.5C45.8 64-5.4 118.7.5 183.6c4.2 46.1 39.4 83.6 83.8 96.6l102.5 30c12.5 3.7 21.2 15.3 21.2 28.3 0 16.3-13.2 29.5-29.5 29.5h-66.3C100 368 88 364.3 78 357.5c-6.1-4.1-14.3-3.1-19.5 2l-34.8 34c-7.1 6.9-6.1 18.4 1.8 24.5 24.5 19.2 55.1 29.9 86.5 30v48c0 8.8 7.2 16 16 16h32c8.8 0 16-7.2 16-16v-48.2c46.6-.9 90.3-28.6 105.7-72.7 21.5-61.6-14.6-124.8-72.5-141.7z\"><\/path><\/svg>\t\t\t\t\t\t<\/span>\n\t\t\t\t\t\t\t\t\t\t<span class=\"elementor-icon-list-text\">Cen\u00edk<\/span>\n\t\t\t\t\t\t\t\t\t\t\t<\/a>\n\t\t\t\t\t\t\t\t\t<\/li>\n\t\t\t\t\t\t\t\t<li class=\"elementor-icon-list-item elementor-inline-item\">\n\t\t\t\t\t\t\t\t\t\t\t<a href=\"#contact\">\n\n\t\t\t\t\t\t\t\t\t\t\t\t<span class=\"elementor-icon-list-icon\">\n\t\t\t\t\t\t\t<svg aria-hidden=\"true\" class=\"e-font-icon-svg e-fas-phone-alt\" viewBox=\"0 0 512 512\" xmlns=\"http:\/\/www.w3.org\/2000\/svg\"><path d=\"M497.39 361.8l-112-48a24 24 0 0 0-28 6.9l-49.6 60.6A370.66 370.66 0 0 1 130.6 204.11l60.6-49.6a23.94 23.94 0 0 0 6.9-28l-48-112A24.16 24.16 0 0 0 122.6.61l-104 24A24 24 0 0 0 0 48c0 256.5 207.9 464 464 464a24 24 0 0 0 23.4-18.6l24-104a24.29 24.29 0 0 0-14.01-27.6z\"><\/path><\/svg>\t\t\t\t\t\t<\/span>\n\t\t\t\t\t\t\t\t\t\t<span class=\"elementor-icon-list-text\">Kontakty<\/span>\n\t\t\t\t\t\t\t\t\t\t\t<\/a>\n\t\t\t\t\t\t\t\t\t<\/li>\n\t\t\t\t\t\t<\/ul>\n\t\t\t\t\t\t<\/div>\n\t\t\t\t<\/div>\n\t\t\t\t\t<\/div>\n\t\t\t\t<\/div>\n\t\t<div class=\"elementor-element elementor-element-f0cdce5 e-flex e-con-boxed e-con e-parent\" data-id=\"f0cdce5\" data-element_type=\"container\">\n\t\t\t\t\t<div class=\"e-con-inner\">\n\t\t\t\t<div class=\"elementor-element elementor-element-4692f16 elementor-widget-divider--view-line elementor-widget elementor-widget-divider\" data-id=\"4692f16\" data-element_type=\"widget\" data-widget_type=\"divider.default\">\n\t\t\t\t<div class=\"elementor-widget-container\">\n\t\t\t\t\t\t\t<div class=\"elementor-divider\">\n\t\t\t<span class=\"elementor-divider-separator\">\n\t\t\t\t\t\t<\/span>\n\t\t<\/div>\n\t\t\t\t\t\t<\/div>\n\t\t\t\t<\/div>\n\t\t\t\t<div class=\"elementor-element elementor-element-704aa35 elementor-widget elementor-widget-image\" data-id=\"704aa35\" data-element_type=\"widget\" data-widget_type=\"image.default\">\n\t\t\t\t<div class=\"elementor-widget-container\">\n\t\t\t\t\t\t\t\t\t\t\t\t\t\t\t<img fetchpriority=\"high\" decoding=\"async\" width=\"800\" height=\"416\" src=\"https:\/\/www.ucetniproosvc.cz\/wp-content\/uploads\/2025\/03\/2-1024x533.png\" class=\"attachment-large size-large wp-image-54\" alt=\"\" srcset=\"https:\/\/www.ucetniproosvc.cz\/wp-content\/uploads\/2025\/03\/2-1024x533.png 1024w, https:\/\/www.ucetniproosvc.cz\/wp-content\/uploads\/2025\/03\/2-300x156.png 300w, https:\/\/www.ucetniproosvc.cz\/wp-content\/uploads\/2025\/03\/2-768x400.png 768w, https:\/\/www.ucetniproosvc.cz\/wp-content\/uploads\/2025\/03\/2-1536x800.png 1536w, https:\/\/www.ucetniproosvc.cz\/wp-content\/uploads\/2025\/03\/2.png 1574w\" sizes=\"(max-width: 800px) 100vw, 800px\" \/>\t\t\t\t\t\t\t\t\t\t\t\t\t\t\t<\/div>\n\t\t\t\t<\/div>\n\t\t\t\t<div class=\"elementor-element elementor-element-8b3de5d elementor-widget elementor-widget-text-editor\" data-id=\"8b3de5d\" data-element_type=\"widget\" data-widget_type=\"text-editor.default\">\n\t\t\t\t<div class=\"elementor-widget-container\">\n\t\t\t\t\t\t\t\t\t<p>Nev\u00e1hejte m\u011b kontaktovat. Domluv\u00edme si term\u00edn a m\u00edsto setk\u00e1n\u00ed, kde v\u00e1m r\u00e1da porad\u00edm a spole\u010dn\u011b najdeme \u0159e\u0161en\u00ed, jak v klidu a v souladu se z\u00e1konn\u00fdmi p\u0159edpisy postupovat d\u00e1l.<\/p><p>Va\u0161e \u00fa\u010dtenky, paragony a doklady zaeviduji \u010di za\u00fa\u010dtuji, a postar\u00e1m se o p\u0159\u00edpravu P\u0159izn\u00e1n\u00ed k DPH, dani z p\u0159\u00edjm\u016f i P\u0159ehled\u016f pro poji\u0161\u0165ovny. Komunikaci s \u00fa\u0159ady za\u0159\u00edd\u00edm.<\/p><p>Po uzav\u0159en\u00ed obdob\u00ed v\u00e1m p\u0159ed\u00e1m slo\u017eku nebo \u0161anon, kde budete m\u00edt \u00fahledn\u011b se\u0159azen\u00e9 v\u0161echny doklady, seznamy a korespondenci s \u00fa\u0159ady p\u0159ipravenou k archivaci.<\/p>\t\t\t\t\t\t\t\t<\/div>\n\t\t\t\t<\/div>\n\t\t\t\t\t<\/div>\n\t\t\t\t<\/div>\n\t\t<div class=\"elementor-element elementor-element-7e353bc e-flex e-con-boxed e-con e-parent\" data-id=\"7e353bc\" data-element_type=\"container\">\n\t\t\t\t\t<div class=\"e-con-inner\">\n\t\t\t\t<div class=\"elementor-element elementor-element-72c9567 elementor-widget-divider--view-line elementor-widget elementor-widget-divider\" data-id=\"72c9567\" data-element_type=\"widget\" data-widget_type=\"divider.default\">\n\t\t\t\t<div class=\"elementor-widget-container\">\n\t\t\t\t\t\t\t<div class=\"elementor-divider\">\n\t\t\t<span class=\"elementor-divider-separator\">\n\t\t\t\t\t\t<\/span>\n\t\t<\/div>\n\t\t\t\t\t\t<\/div>\n\t\t\t\t<\/div>\n\t\t\t\t<div class=\"elementor-element elementor-element-542fb27 elementor-widget elementor-widget-heading\" data-id=\"542fb27\" data-element_type=\"widget\" id=\"about\" data-widget_type=\"heading.default\">\n\t\t\t\t<div class=\"elementor-widget-container\">\n\t\t\t\t\t<h2 class=\"elementor-heading-title elementor-size-default\">O mn\u011b<\/h2>\t\t\t\t<\/div>\n\t\t\t\t<\/div>\n\t\t\t\t\t<\/div>\n\t\t\t\t<\/div>\n\t\t<div class=\"elementor-element elementor-element-716c6cc e-flex e-con-boxed e-con e-parent\" data-id=\"716c6cc\" data-element_type=\"container\">\n\t\t\t\t\t<div class=\"e-con-inner\">\n\t\t\t\t<div class=\"elementor-element elementor-element-d228f5c elementor-widget elementor-widget-text-editor\" data-id=\"d228f5c\" data-element_type=\"widget\" data-widget_type=\"text-editor.default\">\n\t\t\t\t<div class=\"elementor-widget-container\">\n\t\t\t\t\t\t\t\t\t<p>M\u00e1m r\u00e1da nejen matematiku, ale tak\u00e9 celkov\u00fd syst\u00e9m a logiku, kter\u00e9 jsou v \u00fa\u010detnictv\u00ed nezbytn\u00e9. Vystudovala jsem Obchodn\u00ed akademii a po maturit\u011b jsem ihned za\u010dala pracovat v oboru. \u00da\u010detnictv\u00ed se v\u011bnuji od roku 1995.<\/p>\t\t\t\t\t\t\t\t<\/div>\n\t\t\t\t<\/div>\n\t\t\t\t\t<\/div>\n\t\t\t\t<\/div>\n\t\t<div class=\"elementor-element elementor-element-a74984f e-flex e-con-boxed e-con e-parent\" data-id=\"a74984f\" data-element_type=\"container\">\n\t\t\t\t\t<div class=\"e-con-inner\">\n\t\t\t\t<div class=\"elementor-element elementor-element-d4f11f9 elementor-widget elementor-widget-text-editor\" data-id=\"d4f11f9\" data-element_type=\"widget\" data-widget_type=\"text-editor.default\">\n\t\t\t\t<div class=\"elementor-widget-container\">\n\t\t\t\t\t\t\t\t\t<p>Dnes se specializuji na veden\u00ed da\u0148ov\u00e9 evidence, \u00fa\u010detnictv\u00ed a mzdovou agendu v souladu s platnou legislativou. Neust\u00e1le se vzd\u011bl\u00e1v\u00e1m a pravideln\u011b absolvuj\u00ed odborn\u00e1 \u0161kolen\u00ed, abych byla v\u017edy aktu\u00e1ln\u00ed v tomto dynamick\u00e9m oboru.<\/p><p>Moj\u00ed viz\u00ed je pom\u00e1hat jak jednotlivc\u016fm s p\u0159izn\u00e1n\u00edm k dani z p\u0159\u00edjm\u016f fyzick\u00fdch osob, tak podnikatel\u016fm s evidenc\u00ed, \u00fa\u010dtov\u00e1n\u00edm doklad\u016f a komunikac\u00ed s \u00fa\u0159ady, aby byla zaji\u0161t\u011bna spokojenost v\u0161ech z\u00fa\u010dastn\u011bn\u00fdch stran.<\/p>\t\t\t\t\t\t\t\t<\/div>\n\t\t\t\t<\/div>\n\t\t\t\t<div class=\"elementor-element elementor-element-980a3d9 elementor-widget-divider--view-line elementor-widget elementor-widget-divider\" data-id=\"980a3d9\" data-element_type=\"widget\" data-widget_type=\"divider.default\">\n\t\t\t\t<div class=\"elementor-widget-container\">\n\t\t\t\t\t\t\t<div class=\"elementor-divider\">\n\t\t\t<span class=\"elementor-divider-separator\">\n\t\t\t\t\t\t<\/span>\n\t\t<\/div>\n\t\t\t\t\t\t<\/div>\n\t\t\t\t<\/div>\n\t\t\t\t\t<\/div>\n\t\t\t\t<\/div>\n\t\t<div class=\"elementor-element elementor-element-91f6d11 e-flex e-con-boxed e-con e-parent\" data-id=\"91f6d11\" data-element_type=\"container\">\n\t\t\t\t\t<div class=\"e-con-inner\">\n\t\t\t\t<div class=\"elementor-element elementor-element-d31acf5 elementor-widget elementor-widget-heading\" data-id=\"d31acf5\" data-element_type=\"widget\" id=\"services\" data-widget_type=\"heading.default\">\n\t\t\t\t<div class=\"elementor-widget-container\">\n\t\t\t\t\t<h2 class=\"elementor-heading-title elementor-size-default\">Slu\u017eby<\/h2>\t\t\t\t<\/div>\n\t\t\t\t<\/div>\n\t\t\t\t\t<\/div>\n\t\t\t\t<\/div>\n\t\t<div class=\"elementor-element elementor-element-6ff987f e-flex e-con-boxed e-con e-parent\" data-id=\"6ff987f\" data-element_type=\"container\">\n\t\t\t\t\t<div class=\"e-con-inner\">\n\t\t\t\t<div class=\"elementor-element elementor-element-e19e82a elementor-widget elementor-widget-text-editor\" data-id=\"e19e82a\" data-element_type=\"widget\" data-widget_type=\"text-editor.default\">\n\t\t\t\t<div class=\"elementor-widget-container\">\n\t\t\t\t\t\t\t\t\t<ul><li><strong>Da\u0148ov\u00e1 evidence<\/strong>: Veden\u00ed da\u0148ov\u00e9 evidence, p\u0159\u00edprava da\u0148ov\u00fdch p\u0159izn\u00e1n\u00ed.<\/li><li><strong>\u00da\u010detnictv\u00ed<\/strong>: Veden\u00ed \u00fa\u010detnictv\u00ed, z\u00e1v\u011brky, reporting.<\/li><li><strong>Mzdov\u00e1 agenda<\/strong>: V\u00fdpo\u010det mezd, odvody, dokumentace.<\/li><li><strong>Poradenstv\u00ed<\/strong>: \u00da\u010detn\u00ed, finan\u010dn\u00ed, legislativn\u00ed.<\/li><\/ul>\t\t\t\t\t\t\t\t<\/div>\n\t\t\t\t<\/div>\n\t\t\t\t\t<\/div>\n\t\t\t\t<\/div>\n\t\t<div class=\"elementor-element elementor-element-2b70c59 e-flex e-con-boxed e-con e-parent\" data-id=\"2b70c59\" data-element_type=\"container\">\n\t\t\t\t\t<div class=\"e-con-inner\">\n\t\t\t\t<div class=\"elementor-element elementor-element-276686e elementor-widget-divider--view-line elementor-widget elementor-widget-divider\" data-id=\"276686e\" data-element_type=\"widget\" data-widget_type=\"divider.default\">\n\t\t\t\t<div class=\"elementor-widget-container\">\n\t\t\t\t\t\t\t<div class=\"elementor-divider\">\n\t\t\t<span class=\"elementor-divider-separator\">\n\t\t\t\t\t\t<\/span>\n\t\t<\/div>\n\t\t\t\t\t\t<\/div>\n\t\t\t\t<\/div>\n\t\t\t\t\t<\/div>\n\t\t\t\t<\/div>\n\t\t<div class=\"elementor-element elementor-element-4b1da31 e-flex e-con-boxed e-con e-parent\" data-id=\"4b1da31\" data-element_type=\"container\">\n\t\t\t\t\t<div class=\"e-con-inner\">\n\t\t\t\t<div class=\"elementor-element elementor-element-dcbc49a elementor-widget elementor-widget-heading\" data-id=\"dcbc49a\" data-element_type=\"widget\" id=\"pricelist\" data-widget_type=\"heading.default\">\n\t\t\t\t<div class=\"elementor-widget-container\">\n\t\t\t\t\t<h2 class=\"elementor-heading-title elementor-size-default\">Cen\u00edk<\/h2>\t\t\t\t<\/div>\n\t\t\t\t<\/div>\n\t\t\t\t\t<\/div>\n\t\t\t\t<\/div>\n\t\t<div class=\"elementor-element elementor-element-7fb9f69 e-flex e-con-boxed e-con e-parent\" data-id=\"7fb9f69\" data-element_type=\"container\">\n\t\t\t\t\t<div class=\"e-con-inner\">\n\t\t\t\t<div class=\"elementor-element elementor-element-6816b24 elementor-widget elementor-widget-text-editor\" data-id=\"6816b24\" data-element_type=\"widget\" data-widget_type=\"text-editor.default\">\n\t\t\t\t<div class=\"elementor-widget-container\">\n\t\t\t\t\t\t\t\t\t<p>Cena za veden\u00ed da\u0148ov\u00e9 evidence nebo \u00fa\u010detnictv\u00ed je ur\u010dena individu\u00e1ln\u011b, na z\u00e1klad\u011b specifick\u00fdch pot\u0159eb klienta. Zohled\u0148uji mno\u017estv\u00ed doklad\u016f, po\u010det zam\u011bstnanc\u016f a rozsah pod\u00e1van\u00fdch p\u0159izn\u00e1n\u00ed. Po dohod\u011b s klientem je mo\u017en\u00e9 sjednat v\u00fdhodn\u011bj\u0161\u00ed m\u011bs\u00ed\u010dn\u00ed pau\u0161\u00e1l. Nev\u00e1hejte si domluvit konzultaci.<\/p><p>Za poradenstv\u00ed a zastupov\u00e1n\u00ed p\u0159ed \u00fa\u0159ady:\u00a0 \u00a0\u00a0\u00a0\u00a0\u00a0\u00a0\u00a0\u00a0\u00a0\u00a0\u00a0\u00a0\u00a0 <strong>450,- K\u010d\/hod<\/strong>\u00a0<\/p><p>P\u0159izn\u00e1n\u00ed k dani z\u00a0p\u0159\u00edjmu FO \u2013 nepodnikaj\u00edc\u00ed:<strong>\u00a0 \u00a0\u00a0\u00a0\u00a0\u00a0<\/strong>od <strong>350,- K\u010d\/ks\u00a0\u00a0\u00a0\u00a0\u00a0\u00a0\u00a0\u00a0\u00a0\u00a0\u00a0\u00a0\u00a0\u00a0\u00a0\u00a0\u00a0\u00a0\u00a0\u00a0\u00a0\u00a0\u00a0\u00a0\u00a0\u00a0\u00a0\u00a0\u00a0\u00a0\u00a0\u00a0\u00a0\u00a0\u00a0\u00a0\u00a0\u00a0\u00a0\u00a0\u00a0\u00a0\u00a0\u00a0\u00a0\u00a0\u00a0\u00a0\u00a0\u00a0\u00a0\u00a0\u00a0\u00a0\u00a0\u00a0\u00a0\u00a0\u00a0\u00a0\u00a0\u00a0 <\/strong><\/p><p>P\u0159izn\u00e1n\u00ed k\u00a0dani z\u00a0p\u0159\u00edjm\u016f FO \u2013 podnikaj\u00edc\u00ed:\u00a0\u00a0\u00a0\u00a0\u00a0\u00a0 \u00a0\u00a0 od <strong>1000,- K\u010d\/ks<\/strong><\/p><p>P\u0159ehled pro poji\u0161\u0165ovny :<strong>\u00a0\u00a0\u00a0\u00a0\u00a0\u00a0\u00a0\u00a0\u00a0\u00a0\u00a0\u00a0\u00a0\u00a0\u00a0\u00a0\u00a0\u00a0\u00a0\u00a0\u00a0\u00a0\u00a0\u00a0\u00a0\u00a0\u00a0\u00a0\u00a0\u00a0\u00a0\u00a0\u00a0\u00a0\u00a0\u00a0 \u00a0\u00a0\u00a0\u00a0\u00a0\u00a0\u00a0\u00a0 250,- K\u010d\/ks<\/strong><\/p><p>P\u0159izn\u00e1n\u00ed k DPH (pau\u0161alist\u00e9 zdarma):<strong>\u00a0 \u00a0 \u00a0 \u00a0 \u00a0 \u00a0 \u00a0 \u00a0 \u00a0 \u00a0 \u00a0 \u00a0 500,- K\u010d\/ks <\/strong><\/p><p>Kontroln\u00ed hl\u00e1\u0161en\u00ed k DPH (pau\u0161alist\u00e9 zdarma): <strong>\u00a0\u00a0\u00a0\u00a0\u00a0\u00a0\u00a0\u00a0 350,- K\u010d\/ks <\/strong><\/p><p>Souhrnn\u00e9 hl\u00e1\u0161en\u00ed k DPH (i pro pau\u0161\u00e1ln\u00ed klienty):<strong> \u00a0\u00a0\u00a0 350,- K\u010d\/ks<\/strong><\/p><p>Da\u0148ov\u00e1 evidence:<strong>\u00a0\u00a0\u00a0\u00a0\u00a0\u00a0 od 1000,- K\u010d <\/strong>dle slo\u017eitosti a po\u010dtu doklad\u016f<\/p><p>\u00da\u010detnictv\u00ed: <strong>\u00a0\u00a0\u00a0\u00a0\u00a0\u00a0\u00a0\u00a0\u00a0 \u00a0\u00a0\u00a0\u00a0\u00a0\u00a0\u00a0\u00a0 od 1300,- K\u010d<\/strong> dle slo\u017eitosti a po\u010dtu doklad\u016f<\/p><p>Zpracov\u00e1n\u00ed mezd:<strong>\u00a0\u00a0\u00a0\u00a0\u00a0\u00a0 \u00a0\u00a0\u00a0\u00a0\u00a0\u00a0\u00a0\u00a0\u00a0\u00a0\u00a0\u00a0\u00a0\u00a0\u00a0\u00a0\u00a0\u00a0 250,- K\u010d\/osoba\/m\u011bs\u00edc<\/strong><\/p><p>P\u0159ihl\u00e1\u0161ka\/Odhl\u00e1\u0161ka\/ELDP:\u00a0\u00a0 <strong>\u00a0\u00a0\u00a0\u00a0\u00a0\u00a0\u00a0\u00a0 350.-K\u010d\/ks <\/strong><\/p><p>P\u0159ihl\u00e1\u0161ka\/Odhl\u00e1\u0161ka zam\u011bstnavatele (\u010cSSZ,ZP,Koop)<strong>: 350,- K\u010d\/ks<\/strong><\/p>\t\t\t\t\t\t\t\t<\/div>\n\t\t\t\t<\/div>\n\t\t\t\t\t<\/div>\n\t\t\t\t<\/div>\n\t\t<div class=\"elementor-element elementor-element-983aac2 e-flex e-con-boxed e-con e-parent\" data-id=\"983aac2\" data-element_type=\"container\">\n\t\t\t\t\t<div class=\"e-con-inner\">\n\t\t\t\t<div class=\"elementor-element elementor-element-5e84de7 elementor-widget-divider--view-line elementor-widget elementor-widget-divider\" data-id=\"5e84de7\" data-element_type=\"widget\" data-widget_type=\"divider.default\">\n\t\t\t\t<div class=\"elementor-widget-container\">\n\t\t\t\t\t\t\t<div class=\"elementor-divider\">\n\t\t\t<span class=\"elementor-divider-separator\">\n\t\t\t\t\t\t<\/span>\n\t\t<\/div>\n\t\t\t\t\t\t<\/div>\n\t\t\t\t<\/div>\n\t\t\t\t\t<\/div>\n\t\t\t\t<\/div>\n\t\t<div class=\"elementor-element elementor-element-5ce7e1b e-flex e-con-boxed e-con e-parent\" data-id=\"5ce7e1b\" data-element_type=\"container\">\n\t\t\t\t\t<div class=\"e-con-inner\">\n\t\t\t\t<div class=\"elementor-element elementor-element-670327e elementor-widget elementor-widget-heading\" data-id=\"670327e\" data-element_type=\"widget\" id=\"contact\" data-widget_type=\"heading.default\">\n\t\t\t\t<div class=\"elementor-widget-container\">\n\t\t\t\t\t<h2 class=\"elementor-heading-title elementor-size-default\">Kontakt<\/h2>\t\t\t\t<\/div>\n\t\t\t\t<\/div>\n\t\t\t\t\t<\/div>\n\t\t\t\t<\/div>\n\t\t<div class=\"elementor-element elementor-element-76d9524 e-flex e-con-boxed e-con e-parent\" data-id=\"76d9524\" data-element_type=\"container\">\n\t\t\t\t\t<div class=\"e-con-inner\">\n\t\t\t\t<div class=\"elementor-element elementor-element-bce5cc4 elementor-widget elementor-widget-text-editor\" data-id=\"bce5cc4\" data-element_type=\"widget\" data-widget_type=\"text-editor.default\">\n\t\t\t\t<div class=\"elementor-widget-container\">\n\t\t\t\t\t\t\t\t\t<p>Pavl\u00edna Viktorinov\u00e1\u00a0\u00a0\u00a0\u00a0\u00a0\u00a0\u00a0\u00a0<\/p><p><strong>I\u010cO: 02997029\u00a0\u00a0\u00a0\u00a0\u00a0\u00a0\u00a0 <\/strong>DI\u010c: nepl\u00e1tce DPH<\/p><p>Zaps\u00e1na v \u017divnostensk\u00e9m rejst\u0159\u00edku sp.zna\u010dka: O\u017d\u00da\/2467\/2014\/Tu<\/p><p>Telefon: +420\u00a0737\u00a0749 935<strong>\u00a0\u00a0\u00a0\u00a0\u00a0\u00a0\u00a0\u00a0\u00a0\u00a0\u00a0 <\/strong><\/p><p>Email: <a href=\"mailto:ViktorinovaPavlina@seznam.cz\">ViktorinovaPavlina@seznam.cz<\/a><\/p><p>Adresa s\u00eddla:\u00a0\u00a0\u00a0\u00a0 \u00dazk\u00e1 194<\/p><p>691 55 Moravsk\u00e1 Nov\u00e1 Ves<\/p><p>Bankovn\u00ed spojen\u00ed: 123-617790217\/0100 \u2013 veden\u00fd u Komer\u010dn\u00ed Banky<\/p>\t\t\t\t\t\t\t\t<\/div>\n\t\t\t\t<\/div>\n\t\t\t\t\t<\/div>\n\t\t\t\t<\/div>\n\t\t\t\t<\/div>\n\t\t","protected":false},"excerpt":{"rendered":"<p>O mn\u011b Slu\u017eby Cen\u00edk Kontakty Nev\u00e1hejte m\u011b kontaktovat. Domluv\u00edme si term\u00edn a m\u00edsto setk\u00e1n\u00ed, kde v\u00e1m r\u00e1da porad\u00edm a spole\u010dn\u011b najdeme \u0159e\u0161en\u00ed, jak v klidu a v souladu se z\u00e1konn\u00fdmi p\u0159edpisy postupovat d\u00e1l. Va\u0161e \u00fa\u010dtenky, paragony a doklady zaeviduji \u010di za\u00fa\u010dtuji, a postar\u00e1m se o p\u0159\u00edpravu P\u0159izn\u00e1n\u00ed k DPH, dani z p\u0159\u00edjm\u016f i P\u0159ehled\u016f pro [&hellip;]<\/p>\n","protected":false},"author":1,"featured_media":0,"parent":0,"menu_order":0,"comment_status":"closed","ping_status":"closed","template":"","meta":{"footnotes":""},"class_list":["post-9","page","type-page","status-publish","hentry"],"_links":{"self":[{"href":"https:\/\/www.ucetniproosvc.cz\/index.php?rest_route=\/wp\/v2\/pages\/9","targetHints":{"allow":["GET"]}}],"collection":[{"href":"https:\/\/www.ucetniproosvc.cz\/index.php?rest_route=\/wp\/v2\/pages"}],"about":[{"href":"https:\/\/www.ucetniproosvc.cz\/index.php?rest_route=\/wp\/v2\/types\/page"}],"author":[{"embeddable":true,"href":"https:\/\/www.ucetniproosvc.cz\/index.php?rest_route=\/wp\/v2\/users\/1"}],"replies":[{"embeddable":true,"href":"https:\/\/www.ucetniproosvc.cz\/index.php?rest_route=%2Fwp%2Fv2%2Fcomments&post=9"}],"version-history":[{"count":57,"href":"https:\/\/www.ucetniproosvc.cz\/index.php?rest_route=\/wp\/v2\/pages\/9\/revisions"}],"predecessor-version":[{"id":80,"href":"https:\/\/www.ucetniproosvc.cz\/index.php?rest_route=\/wp\/v2\/pages\/9\/revisions\/80"}],"wp:attachment":[{"href":"https:\/\/www.ucetniproosvc.cz\/index.php?rest_route=%2Fwp%2Fv2%2Fmedia&parent=9"}],"curies":[{"name":"wp","href":"https:\/\/api.w.org\/{rel}","templated":true}]}}